{"id":431,"date":"2013-06-05T16:51:35","date_gmt":"2013-06-05T19:51:35","guid":{"rendered":"http:\/\/www.rosarioburletes.com.ar\/website\/?page_id=431"},"modified":"2014-06-03T17:35:55","modified_gmt":"2014-06-03T20:35:55","slug":"informacion-tecnica","status":"publish","type":"page","link":"https:\/\/www.rosarioburletes.com.ar\/website\/en\/productos\/informacion-tecnica\/","title":{"rendered":"Technical information:"},"content":{"rendered":"<p><strong style=\"color: #ffffff !important; font-size: 13px; line-height: 19px; font-family: 'Roboto Condensed', sans-serif; text-decoration: none;\">RUBBER \/ METAL ADHESION<\/strong><\/p>\n<p style=\"font-size: 13px; line-height: 19px; font-family: 'Roboto Condensed', sans-serif; text-decoration: none;\">The factor that most influences the ease of adhesion is the type of rubber base and its formulation.<br \/>\nPreparation of the metal:<br \/>\nCleaning:<br \/>\nChemistry: Use solvent (eg ethyl, methyl, ketone). Degreaser<br \/>\nMechanics: Sanding, grinding: Elimination of rust and dry dirt.<br \/>\nSurface Preparation:<br \/>\nSandblasting: Greater specific adhesion surface.<br \/>\nFinal cleaning: Clean again.<\/p>\n<p>&nbsp;<\/p>\n<p><strong style=\"color: #fff !important; font-size: 13px; line-height: 19px; font-family: 'Roboto Condensed', sans-serif; text-decoration: none;\">RUBBER \/ RUBBER ADHESION<\/strong><\/p>\n<p style=\"font-size: 13px; line-height: 19px; font-family: 'Roboto Condensed', sans-serif; text-decoration: none;\">Preparation of surfaces<br \/>\nUse solvent to clean surfaces<br \/>\nLet evaporate<br \/>\nIf joining ends, cut at 45 \u00b0.<br \/>\nRecommended adhesives:<br \/>\nTo join rubber \/ silicone:<br \/>\nSelladores \u00bbSiloc\u00bb, \u00bbOrbasil\u00bb, etc.<br \/>\nTo join other rubbers:<br \/>\nPegadores instant\u00e1neos: \u00bbLoctite\u00bb, \u00bbCiano\u00bb,Cemento de contacto: 3M, etc.<br \/>\nNote: If these procedures are not performed or are not done properly, adhesion may fail. In all cases let dry \/ cure 24 hours.<\/p>\n<p>&nbsp;<\/p>\n<p style=\"font-size: 13px; line-height: 19px; font-family: 'Roboto Condensed', sans-serif; text-decoration: none;\"><strong style=\"color: #fff !important; font-size: 13px; line-height: 19px; font-family: 'Roboto Condensed', sans-serif; text-decoration: none;\">ADHESIVE A SUBSTRATE<\/strong><\/p>\n<p style=\"font-size: 13px; line-height: 19px; font-family: 'Roboto Condensed', sans-serif; text-decoration: none;\">Steps to follow:<br \/>\n1- Clean the substrate and the type of rubber to be used with liquid that does not deposit fatty residues such as, for example, isopropyl alcohol, trichlorethylene, methyl ethyl ketone, among others.<br \/>\n2- Sand the material and clean it again to remove the impurities.<br \/>\n3- Distribute the adhesive evenly on the 2 surfaces to be glued, in the case of contact adhesive<br \/>\n4- Allow a few minutes to breathe and then proceed to the paste in the case of the contact adhesive.<\/p>\n<p>&nbsp;<\/p>\n<ul>\n<li><span style=\"line-height: 1.714285714; color: #ffffff;\">Click to see the extended tables:<\/span><\/li>\n<\/ul>\n\n\t\t\t<style type='text\/css'>\n\t\t\t\t#sc_gallery-1 {\n\t\t\t\t\tmargin: auto;\n\t\t\t\t}\n\t\t\t\t#sc_gallery-1 .gallery-item {\n\t\t\t\t\tfloat: left;\n\t\t\t\t\tmargin-top: 10px;\n\t\t\t\t\ttext-align: center;\n\t\t\t\t\twidth: 33.33%;\n\t\t\t\t}\n\t\t\t\t#sc_gallery-1 img {\n\t\t\t\t\tborder: 2px solid #cfcfcf;\n\t\t\t\t}\n\t\t\t\t#sc_gallery-1 .gallery-caption {\n\t\t\t\t\tmargin-left: 0;\n\t\t\t\t}\n\t\t\t\t\/* see sc_gallery() in functions\/theme-shortcodes.php *\/\n\t\t\t<\/style>\n\t\t<div id='sc_gallery-1' class='gallery galleryid-431 gallery-columns-3 gallery-size-thumbnail'><dl class='gallery-item'>\n\t\t\t\t<dt class='gallery-icon landscape'>\n\t\t\t\t\t<a href='https:\/\/www.rosarioburletes.com.ar\/website\/en\/productos\/informacion-tecnica\/facilidad-de-pegado-por-material\/'><img loading=\"lazy\" decoding=\"async\" width=\"150\" height=\"150\" src=\"https:\/\/www.rosarioburletes.com.ar\/website\/wp-content\/uploads\/2013\/06\/Facilidad-de-Pegado-por-Material-150x150.jpg\" class=\"attachment-thumbnail size-thumbnail\" alt=\"\" \/><\/a>\n\t\t\t\t<\/dt><\/dl><dl class='gallery-item'>\n\t\t\t\t<dt class='gallery-icon landscape'>\n\t\t\t\t\t<a href='https:\/\/www.rosarioburletes.com.ar\/website\/en\/productos\/informacion-tecnica\/como-adhesivar-cada-substrato\/'><img loading=\"lazy\" decoding=\"async\" width=\"150\" height=\"150\" src=\"https:\/\/www.rosarioburletes.com.ar\/website\/wp-content\/uploads\/2013\/06\/Como-Adhesivar-Cada-Substrato-150x150.jpg\" class=\"attachment-thumbnail size-thumbnail\" alt=\"\" \/><\/a>\n\t\t\t\t<\/dt><\/dl><dl class='gallery-item'>\n\t\t\t\t<dt class='gallery-icon landscape'>\n\t\t\t\t\t<a href='https:\/\/www.rosarioburletes.com.ar\/website\/en\/productos\/informacion-tecnica\/temperatura-de-servicio-por-material\/'><img loading=\"lazy\" decoding=\"async\" width=\"150\" height=\"150\" src=\"https:\/\/www.rosarioburletes.com.ar\/website\/wp-content\/uploads\/2013\/06\/Temperatura-de-Servicio-por-Material-150x150.jpg\" class=\"attachment-thumbnail size-thumbnail\" alt=\"\" \/><\/a>\n\t\t\t\t<\/dt><\/dl><br style=\"clear: both\" \/>\n\t\t\t<\/div>","protected":false},"excerpt":{"rendered":"<p>ADHESI\u00d3N CAUCHO \/ METAL El factor que m\u00e1s influye en la facilidad de adhesi\u00f3n es el tipo de caucho base y su formulaci\u00f3n. Preparaci\u00f3n del metal:<span class=\"excerpt-hellip\"> [\u2026]<\/span><\/p>\n","protected":false},"author":3,"featured_media":0,"parent":6,"menu_order":0,"comment_status":"open","ping_status":"open","template":"","meta":{"_exactmetrics_skip_tracking":false,"_exactmetrics_sitenote_active":false,"_exactmetrics_sitenote_note":"","_exactmetrics_sitenote_category":0,"_joinchat":[],"footnotes":""},"class_list":["post-431","page","type-page","status-publish","hentry"],"_links":{"self":[{"href":"https:\/\/www.rosarioburletes.com.ar\/website\/en\/wp-json\/wp\/v2\/pages\/431","targetHints":{"allow":["GET"]}}],"collection":[{"href":"https:\/\/www.rosarioburletes.com.ar\/website\/en\/wp-json\/wp\/v2\/pages"}],"about":[{"href":"https:\/\/www.rosarioburletes.com.ar\/website\/en\/wp-json\/wp\/v2\/types\/page"}],"author":[{"embeddable":true,"href":"https:\/\/www.rosarioburletes.com.ar\/website\/en\/wp-json\/wp\/v2\/users\/3"}],"replies":[{"embeddable":true,"href":"https:\/\/www.rosarioburletes.com.ar\/website\/en\/wp-json\/wp\/v2\/comments?post=431"}],"version-history":[{"count":37,"href":"https:\/\/www.rosarioburletes.com.ar\/website\/en\/wp-json\/wp\/v2\/pages\/431\/revisions"}],"predecessor-version":[{"id":433,"href":"https:\/\/www.rosarioburletes.com.ar\/website\/en\/wp-json\/wp\/v2\/pages\/431\/revisions\/433"}],"up":[{"embeddable":true,"href":"https:\/\/www.rosarioburletes.com.ar\/website\/en\/wp-json\/wp\/v2\/pages\/6"}],"wp:attachment":[{"href":"https:\/\/www.rosarioburletes.com.ar\/website\/en\/wp-json\/wp\/v2\/media?parent=431"}],"curies":[{"name":"wp","href":"https:\/\/api.w.org\/{rel}","templated":true}]}}