{"id":4378,"date":"2016-07-07T10:31:48","date_gmt":"2016-07-07T13:31:48","guid":{"rendered":"http:\/\/www.rosarioburletes.com.ar\/website\/?page_id=4378"},"modified":"2017-06-29T11:03:48","modified_gmt":"2017-06-29T14:03:48","slug":"burletes-para-usos-varios","status":"publish","type":"page","link":"https:\/\/www.rosarioburletes.com.ar\/website\/productos\/burletes-para-usos-varios\/","title":{"rendered":"Burletes para Usos Varios"},"content":{"rendered":"<p>Al contar con el departamento de an\u00e1lisis qu\u00edmico y matricer\u00eda propia, podemos ofrecer soluciones para todo tipo de industria o producto, en la cantidad requerida por el cliente.<\/p>\n","protected":false},"excerpt":{"rendered":"<p>Al contar con el departamento de an\u00e1lisis qu\u00edmico y matricer\u00eda propia, podemos ofrecer soluciones para todo tipo de industria o producto, en la cantidad requerida por<span class=\"excerpt-hellip\"> [\u2026]<\/span><\/p>\n","protected":false},"author":5,"featured_media":5873,"parent":6,"menu_order":0,"comment_status":"closed","ping_status":"closed","template":"","meta":{"_exactmetrics_skip_tracking":false,"_exactmetrics_sitenote_active":false,"_exactmetrics_sitenote_note":"","_exactmetrics_sitenote_category":0,"_joinchat":[],"footnotes":""},"class_list":["post-4378","page","type-page","status-publish","has-post-thumbnail","hentry"],"_links":{"self":[{"href":"https:\/\/www.rosarioburletes.com.ar\/website\/wp-json\/wp\/v2\/pages\/4378","targetHints":{"allow":["GET"]}}],"collection":[{"href":"https:\/\/www.rosarioburletes.com.ar\/website\/wp-json\/wp\/v2\/pages"}],"about":[{"href":"https:\/\/www.rosarioburletes.com.ar\/website\/wp-json\/wp\/v2\/types\/page"}],"author":[{"embeddable":true,"href":"https:\/\/www.rosarioburletes.com.ar\/website\/wp-json\/wp\/v2\/users\/5"}],"replies":[{"embeddable":true,"href":"https:\/\/www.rosarioburletes.com.ar\/website\/wp-json\/wp\/v2\/comments?post=4378"}],"version-history":[{"count":5,"href":"https:\/\/www.rosarioburletes.com.ar\/website\/wp-json\/wp\/v2\/pages\/4378\/revisions"}],"predecessor-version":[{"id":5683,"href":"https:\/\/www.rosarioburletes.com.ar\/website\/wp-json\/wp\/v2\/pages\/4378\/revisions\/5683"}],"up":[{"embeddable":true,"href":"https:\/\/www.rosarioburletes.com.ar\/website\/wp-json\/wp\/v2\/pages\/6"}],"wp:featuredmedia":[{"embeddable":true,"href":"https:\/\/www.rosarioburletes.com.ar\/website\/wp-json\/wp\/v2\/media\/5873"}],"wp:attachment":[{"href":"https:\/\/www.rosarioburletes.com.ar\/website\/wp-json\/wp\/v2\/media?parent=4378"}],"curies":[{"name":"wp","href":"https:\/\/api.w.org\/{rel}","templated":true}]}}