{"id":5263,"date":"2016-09-26T16:15:07","date_gmt":"2016-09-26T19:15:07","guid":{"rendered":"http:\/\/www.rosarioburletes.com.ar\/website\/?page_id=5263"},"modified":"2017-07-07T10:57:57","modified_gmt":"2017-07-07T13:57:57","slug":"burletes-para-construccion","status":"publish","type":"page","link":"https:\/\/www.rosarioburletes.com.ar\/website\/productos\/burletes-para-construccion\/","title":{"rendered":"Burletes para Construcci\u00f3n"},"content":{"rendered":"<p>Tenemos amplia experiencia en el desarrollo de juntas de dilataci\u00f3n para aplicar en pa\u00f1os de hormig\u00f3n u otros materiales utilizados para la construcci\u00f3n de rutas y puentes.<\/p>\n","protected":false},"excerpt":{"rendered":"<p>Tenemos amplia experiencia en el desarrollo de juntas de dilataci\u00f3n para aplicar en pa\u00f1os de hormig\u00f3n u otros materiales utilizados para la construcci\u00f3n de rutas y<span class=\"excerpt-hellip\"> [\u2026]<\/span><\/p>\n","protected":false},"author":5,"featured_media":5878,"parent":6,"menu_order":0,"comment_status":"closed","ping_status":"closed","template":"","meta":{"_exactmetrics_skip_tracking":false,"_exactmetrics_sitenote_active":false,"_exactmetrics_sitenote_note":"","_exactmetrics_sitenote_category":0,"_joinchat":[],"footnotes":""},"class_list":["post-5263","page","type-page","status-publish","has-post-thumbnail","hentry"],"_links":{"self":[{"href":"https:\/\/www.rosarioburletes.com.ar\/website\/wp-json\/wp\/v2\/pages\/5263","targetHints":{"allow":["GET"]}}],"collection":[{"href":"https:\/\/www.rosarioburletes.com.ar\/website\/wp-json\/wp\/v2\/pages"}],"about":[{"href":"https:\/\/www.rosarioburletes.com.ar\/website\/wp-json\/wp\/v2\/types\/page"}],"author":[{"embeddable":true,"href":"https:\/\/www.rosarioburletes.com.ar\/website\/wp-json\/wp\/v2\/users\/5"}],"replies":[{"embeddable":true,"href":"https:\/\/www.rosarioburletes.com.ar\/website\/wp-json\/wp\/v2\/comments?post=5263"}],"version-history":[{"count":1,"href":"https:\/\/www.rosarioburletes.com.ar\/website\/wp-json\/wp\/v2\/pages\/5263\/revisions"}],"predecessor-version":[{"id":5264,"href":"https:\/\/www.rosarioburletes.com.ar\/website\/wp-json\/wp\/v2\/pages\/5263\/revisions\/5264"}],"up":[{"embeddable":true,"href":"https:\/\/www.rosarioburletes.com.ar\/website\/wp-json\/wp\/v2\/pages\/6"}],"wp:featuredmedia":[{"embeddable":true,"href":"https:\/\/www.rosarioburletes.com.ar\/website\/wp-json\/wp\/v2\/media\/5878"}],"wp:attachment":[{"href":"https:\/\/www.rosarioburletes.com.ar\/website\/wp-json\/wp\/v2\/media?parent=5263"}],"curies":[{"name":"wp","href":"https:\/\/api.w.org\/{rel}","templated":true}]}}