{"id":6,"date":"2013-04-09T15:13:20","date_gmt":"2013-04-09T18:13:20","guid":{"rendered":"http:\/\/69.61.21.122\/~rosariob\/website\/?page_id=6"},"modified":"2025-05-20T14:22:42","modified_gmt":"2025-05-20T17:22:42","slug":"productos","status":"publish","type":"page","link":"https:\/\/www.rosarioburletes.com.ar\/website\/productos\/","title":{"rendered":"Productos"},"content":{"rendered":"<p>Desde el primer contacto con su empresa, le ayudamos a desarrollar el proyecto propuesto. Para ello, nuestros especialistas le ofrecen el soporte t\u00e9cnico necesario que el producto en cuesti\u00f3n requiere.<\/p>\n<p>Nuestra f\u00e1brica cuenta con tecnolog\u00eda de producci\u00f3n continua y autom\u00e1tica de perfiles y burletes con matricer\u00eda propia, eso significa: mayor rapidez, menor precio y fabricaci\u00f3n sin l\u00edmite de metros.<\/p>\n<ol>\n<li><strong><strong><span style=\"font-size: 1rem; line-height: 1.714285714;\"><a title=\"Piezas Moldeadas\" href=\"http:\/\/www.rosarioburletes.com.ar\/website\/rblineas\/moldeados\/\">Ver Piezas Moldeadas<\/a><\/span><\/strong><\/strong><\/li>\n<li><span style=\"font-size: 1rem; line-height: 1.714285714;\">Filtrar Burletes por Categor\u00eda:<\/span><\/li>\n<\/ol>\n<ul>\n<li><strong><a title=\"Ver Burletes\" href=\"http:\/\/www.rosarioburletes.com.ar\/website\/productos\/burletes-para-carroceria-nautica\/\">Carrocer\u00eda y N\u00e1utica<\/a><\/strong><\/li>\n<li><strong><a title=\"Ver Burletes\" href=\"http:\/\/www.rosarioburletes.com.ar\/website\/productos\/altas-temperaturas\/\">Altas temperaturas<\/a><\/strong><\/li>\n<li><strong><a title=\"Ver Burletes\" href=\"http:\/\/www.rosarioburletes.com.ar\/website\/productos\/paragolpes\/\">Defensas<\/a><\/strong><\/li>\n<li><a href=\"http:\/\/www.rosarioburletes.com.ar\/website\/productos\/burletes-para-perfiles-en-u\/\"><strong>Perfiles en U<\/strong><\/a><\/li>\n<li><strong><a title=\"Ver Burletes\" href=\"http:\/\/www.rosarioburletes.com.ar\/website\/productos\/refrigeracion\/\">Refrigeraci\u00f3n<\/a><\/strong><\/li>\n<li><strong><a title=\"Ver Burletes\" href=\"http:\/\/www.rosarioburletes.com.ar\/website\/productos\/burletes-para-vidrio-y-carpinteria-de-aluminio-2\/\">Vidrio y Carpinter\u00eda de Aluminio<\/a><\/strong><\/li>\n<li><strong><a title=\"Ver Burletes\" href=\"http:\/\/www.rosarioburletes.com.ar\/website\/productos\/burletes-para-usos-varios\/\">Varios<\/a><\/strong><\/li>\n<li><strong><a href=\"http:\/\/www.rosarioburletes.com.ar\/website\/novedad-item\/nuevos-burletes-para-construccion\/\">Burletes Para Construcci\u00f3n<\/a><\/strong><\/li>\n<\/ul>\n<p><a name=\"construccion\"><\/a><\/p>\n<h3><b>\u00a0<\/b><\/h3>\n","protected":false},"excerpt":{"rendered":"<p>Desde el primer contacto con su empresa, le ayudamos a desarrollar el proyecto propuesto. Para ello, nuestros especialistas le ofrecen el soporte t\u00e9cnico necesario que el<span class=\"excerpt-hellip\"> [\u2026]<\/span><\/p>\n","protected":false},"author":2,"featured_media":0,"parent":0,"menu_order":0,"comment_status":"closed","ping_status":"closed","template":"","meta":{"_exactmetrics_skip_tracking":false,"_exactmetrics_sitenote_active":false,"_exactmetrics_sitenote_note":"","_exactmetrics_sitenote_category":0,"_joinchat":[],"footnotes":""},"class_list":["post-6","page","type-page","status-publish","hentry"],"_links":{"self":[{"href":"https:\/\/www.rosarioburletes.com.ar\/website\/wp-json\/wp\/v2\/pages\/6","targetHints":{"allow":["GET"]}}],"collection":[{"href":"https:\/\/www.rosarioburletes.com.ar\/website\/wp-json\/wp\/v2\/pages"}],"about":[{"href":"https:\/\/www.rosarioburletes.com.ar\/website\/wp-json\/wp\/v2\/types\/page"}],"author":[{"embeddable":true,"href":"https:\/\/www.rosarioburletes.com.ar\/website\/wp-json\/wp\/v2\/users\/2"}],"replies":[{"embeddable":true,"href":"https:\/\/www.rosarioburletes.com.ar\/website\/wp-json\/wp\/v2\/comments?post=6"}],"version-history":[{"count":42,"href":"https:\/\/www.rosarioburletes.com.ar\/website\/wp-json\/wp\/v2\/pages\/6\/revisions"}],"predecessor-version":[{"id":484,"href":"https:\/\/www.rosarioburletes.com.ar\/website\/wp-json\/wp\/v2\/pages\/6\/revisions\/484"}],"wp:attachment":[{"href":"https:\/\/www.rosarioburletes.com.ar\/website\/wp-json\/wp\/v2\/media?parent=6"}],"curies":[{"name":"wp","href":"https:\/\/api.w.org\/{rel}","templated":true}]}}